{"id":1469,"date":"2025-03-15T11:43:52","date_gmt":"2025-03-15T10:43:52","guid":{"rendered":"https:\/\/lesopol.cz\/?page_id=1469"},"modified":"2025-03-15T11:44:06","modified_gmt":"2025-03-15T10:44:06","slug":"reference-cesty-strom","status":"publish","type":"page","link":"https:\/\/lesopol.cz\/?page_id=1469","title":{"rendered":"Reference &#8211; Cesty Strom"},"content":{"rendered":"\n  \n    <section class=\"u-clearfix u-section-1\" id=\"sec-248f\">\n      <div class=\"u-carousel u-expanded-width u-gallery u-gallery-slider u-layout-carousel u-lightbox u-no-transition u-show-text-none u-gallery-1\" data-interval=\"2000\" data-u-ride=\"carousel\" id=\"carousel-fd3f\">\n        <ol class=\"u-absolute-hcenter u-carousel-indicators u-hidden u-carousel-indicators-1\">\n          <li data-u-target=\"#carousel-fd3f\" data-u-slide-to=\"0\" class=\"u-active u-grey-70 u-shape-circle\" style=\"width: 10px; height: 10px;\"><\/li>\n          <li data-u-target=\"#carousel-fd3f\" data-u-slide-to=\"1\" class=\"u-grey-70 u-shape-circle\" style=\"width: 10px; height: 10px;\"><\/li>\n          <li data-u-target=\"#carousel-fd3f\" data-u-slide-to=\"2\" class=\"u-grey-70 u-shape-circle\" style=\"width: 10px; height: 10px;\"><\/li>\n          <li data-u-target=\"#carousel-fd3f\" data-u-slide-to=\"3\" class=\"u-grey-70 u-shape-circle\" style=\"width: 10px; height: 10px;\"><\/li>\n          <li data-u-target=\"#carousel-fd3f\" data-u-slide-to=\"4\" class=\"u-grey-70 u-shape-circle\" style=\"width: 10px; height: 10px;\"><\/li>\n          <li data-u-target=\"#carousel-fd3f\" data-u-slide-to=\"5\" class=\"u-grey-70 u-shape-circle\" style=\"width: 10px; height: 10px;\"><\/li>\n        <\/ol>\n        <div class=\"u-carousel-inner u-gallery-inner\" role=\"listbox\">\n          <div class=\"u-active u-carousel-item u-gallery-item u-carousel-item-1\" data-image-width=\"1033\" data-image-height=\"268\">\n            <div class=\"u-back-slide\">\n              <img decoding=\"async\" class=\"u-back-image u-expanded\" src=\"https:\/\/lesopol.cz\/wp-content\/uploads\/2025\/03\/IMG-20230712-WA00001-2.jpg\">\n            <\/div>\n            <div class=\"u-align-center u-over-slide u-shading u-valign-bottom u-over-slide-1\"><\/div>\n            <style data-mode=\"XL\"><\/style>\n            <style data-mode=\"LG\"><\/style>\n            <style data-mode=\"MD\"><\/style>\n            <style data-mode=\"SM\"><\/style>\n            <style data-mode=\"XS\"><\/style>\n          <\/div>\n          <div class=\"u-carousel-item u-gallery-item u-carousel-item-2\">\n            <div class=\"u-back-slide\" data-image-width=\"1223\" data-image-height=\"270\">\n              <img decoding=\"async\" class=\"u-back-image u-expanded\" src=\"https:\/\/lesopol.cz\/wp-content\/uploads\/2025\/03\/IMG_20230519_100421_8121-2.jpg\">\n            <\/div>\n            <div class=\"u-align-center u-over-slide u-shading u-valign-bottom u-over-slide-2\">\n              <h3 class=\"u-gallery-heading\">Sample Title<\/h3>\n              <p class=\"u-gallery-text\">Sample Text<\/p>\n            <\/div>\n          <\/div>\n          <div class=\"u-carousel-item u-gallery-item u-carousel-item-3\">\n            <div class=\"u-back-slide\" data-image-width=\"1223\" data-image-height=\"270\">\n              <img decoding=\"async\" class=\"u-back-image u-expanded\" src=\"https:\/\/lesopol.cz\/wp-content\/uploads\/2025\/03\/IMG_20231116_095031_0803-2.jpg\">\n            <\/div>\n            <div class=\"u-align-center u-over-slide u-shading u-valign-bottom u-over-slide-3\">\n              <h3 class=\"u-gallery-heading\">Sample Title<\/h3>\n              <p class=\"u-gallery-text\">Sample Text<\/p>\n            <\/div>\n          <\/div>\n          <div class=\"u-carousel-item u-gallery-item u-carousel-item-4\" data-image-width=\"1229\" data-image-height=\"270\">\n            <div class=\"u-back-slide\">\n              <img decoding=\"async\" class=\"u-back-image u-expanded\" src=\"https:\/\/lesopol.cz\/wp-content\/uploads\/2025\/03\/IMG_20230825_083056_6452-2.jpg\">\n            <\/div>\n            <div class=\"u-align-center u-over-slide u-shading u-valign-bottom u-over-slide-4\"><\/div>\n            <style data-mode=\"XL\"><\/style>\n            <style data-mode=\"LG\"><\/style>\n            <style data-mode=\"MD\"><\/style>\n            <style data-mode=\"SM\"><\/style>\n            <style data-mode=\"XS\"><\/style>\n          <\/div>\n          <div class=\"u-carousel-item u-gallery-item u-carousel-item-5\" data-image-width=\"1215\" data-image-height=\"270\">\n            <div class=\"u-back-slide\">\n              <img decoding=\"async\" class=\"u-back-image u-expanded\" src=\"https:\/\/lesopol.cz\/wp-content\/uploads\/2025\/03\/IMG_20231116_101816_9921-2.jpg\">\n            <\/div>\n            <div class=\"u-align-center u-over-slide u-shading u-valign-bottom u-over-slide-5\"><\/div>\n            <style data-mode=\"XL\"><\/style>\n            <style data-mode=\"LG\"><\/style>\n            <style data-mode=\"MD\"><\/style>\n            <style data-mode=\"SM\"><\/style>\n            <style data-mode=\"XS\"><\/style>\n          <\/div>\n          <div class=\"u-carousel-item u-gallery-item u-carousel-item-6\" data-image-width=\"1035\" data-image-height=\"268\">\n            <div class=\"u-back-slide\">\n              <img decoding=\"async\" class=\"u-back-image u-expanded\" src=\"https:\/\/lesopol.cz\/wp-content\/uploads\/2025\/03\/IMG-20230712-WA00021-2.jpg\">\n            <\/div>\n            <div class=\"u-align-center u-over-slide u-shading u-valign-bottom u-over-slide-6\"><\/div>\n            <style data-mode=\"XL\"><\/style>\n            <style data-mode=\"LG\"><\/style>\n            <style data-mode=\"MD\"><\/style>\n            <style data-mode=\"SM\"><\/style>\n            <style data-mode=\"XS\"><\/style>\n          <\/div>\n        <\/div>\n        <a class=\"u-absolute-vcenter u-carousel-control u-carousel-control-prev u-grey-70 u-hidden u-icon-circle u-opacity u-opacity-70 u-spacing-10 u-text-white u-carousel-control-1\" href=\"#carousel-fd3f\" role=\"button\" data-u-slide=\"prev\">\n          <span aria-hidden=\"true\">\n            <svg viewBox=\"0 0 451.847 451.847\"><path d=\"M97.141,225.92c0-8.095,3.091-16.192,9.259-22.366L300.689,9.27c12.359-12.359,32.397-12.359,44.751,0\nc12.354,12.354,12.354,32.388,0,44.748L173.525,225.92l171.903,171.909c12.354,12.354,12.354,32.391,0,44.744\nc-12.354,12.365-32.386,12.365-44.745,0l-194.29-194.281C100.226,242.115,97.141,234.018,97.141,225.92z\"><\/path><\/svg>\n          <\/span>\n          <span class=\"sr-only\">\n            <svg viewBox=\"0 0 451.847 451.847\"><path d=\"M97.141,225.92c0-8.095,3.091-16.192,9.259-22.366L300.689,9.27c12.359-12.359,32.397-12.359,44.751,0\nc12.354,12.354,12.354,32.388,0,44.748L173.525,225.92l171.903,171.909c12.354,12.354,12.354,32.391,0,44.744\nc-12.354,12.365-32.386,12.365-44.745,0l-194.29-194.281C100.226,242.115,97.141,234.018,97.141,225.92z\"><\/path><\/svg>\n          <\/span>\n        <\/a>\n        <a class=\"u-absolute-vcenter u-carousel-control u-carousel-control-next u-grey-70 u-hidden u-icon-circle u-opacity u-opacity-70 u-spacing-10 u-text-white u-carousel-control-2\" href=\"#carousel-fd3f\" role=\"button\" data-u-slide=\"next\">\n          <span aria-hidden=\"true\">\n            <svg viewBox=\"0 0 451.846 451.847\"><path d=\"M345.441,248.292L151.154,442.573c-12.359,12.365-32.397,12.365-44.75,0c-12.354-12.354-12.354-32.391,0-44.744\nL278.318,225.92L106.409,54.017c-12.354-12.359-12.354-32.394,0-44.748c12.354-12.359,32.391-12.359,44.75,0l194.287,194.284\nc6.177,6.18,9.262,14.271,9.262,22.366C354.708,234.018,351.617,242.115,345.441,248.292z\"><\/path><\/svg>\n          <\/span>\n          <span class=\"sr-only\">\n            <svg viewBox=\"0 0 451.846 451.847\"><path d=\"M345.441,248.292L151.154,442.573c-12.359,12.365-32.397,12.365-44.75,0c-12.354-12.354-12.354-32.391,0-44.744\nL278.318,225.92L106.409,54.017c-12.354-12.359-12.354-32.394,0-44.748c12.354-12.359,32.391-12.359,44.75,0l194.287,194.284\nc6.177,6.18,9.262,14.271,9.262,22.366C354.708,234.018,351.617,242.115,345.441,248.292z\"><\/path><\/svg>\n          <\/span>\n        <\/a>\n      <\/div>\n    <\/section>\n    <section class=\"u-align-left u-clearfix u-container-align-left u-section-2\" id=\"sec-a853\">\n      <div class=\"u-clearfix u-sheet u-valign-top u-sheet-1\">\n        <div class=\"data-layout-selected u-clearfix u-expanded-width u-layout-wrap u-layout-wrap-1\">\n          <div class=\"u-layout\">\n            <div class=\"u-layout-row\">\n              <div class=\"u-container-style u-layout-cell u-size-30 u-layout-cell-1\">\n                <div class=\"u-container-layout u-container-layout-1\">\n                  <h4 class=\"u-text u-text-default u-text-1\"> Oprava cest v parku Stromovka<\/h4>\n                  <p class=\"u-text u-text-default u-text-2\">&nbsp;<br> Po povodn\u00edch v&nbsp;r. 2002 bylo nutno v&nbsp;parku Stromovka opravit zni\u010den\u00e9 p\u00e1te\u0159n\u00ed komunikace. Z&nbsp;posti\u017een\u00fdch lokalit bylo nejprve nutn\u00e9 odt\u011b\u017eit stovky tun bahna a&nbsp;naplavenin, odstranit zni\u010den\u00e9 stromy; vzhledem k&nbsp;nutnosti pou\u017eit\u00ed t\u011b\u017ek\u00e9 techniky byla vybr\u00e1na technologie&nbsp;GLORIT.&nbsp;Tato technologie umo\u017e\u0148uje zpracov\u00e1n\u00ed p\u016fvodn\u00edch asfaltov\u00fdch povrch\u016f na m\u00edst\u011b, bez zbyte\u010dn\u00fdch p\u0159esun\u016f hmot. Ve fin\u00e1ln\u00ed podob\u011b budou cesty z&nbsp;poloviny zachov\u00e1ny se sou\u010dasn\u00fdm gloritem a&nbsp;z&nbsp;poloviny vyasfaltov\u00e1ny tak, aby umo\u017enily i&nbsp;j\u00edzdu na kole\u010dkov\u00fdch brusl\u00edch.\n                  <\/p>\n                <\/div>\n              <\/div>\n              <div class=\"u-container-style u-layout-cell u-size-30 u-layout-cell-2\">\n                <div class=\"u-container-layout u-container-layout-2\">\n                  <img decoding=\"async\" class=\"u-expanded-width u-image u-image-default u-image-1\" src=\"https:\/\/lesopol.cz\/wp-content\/uploads\/2025\/03\/cesty-stromovka-5.jpg\" alt=\"\" data-image-width=\"750\" data-image-height=\"422\">\n                <\/div>\n              <\/div>\n            <\/div>\n          <\/div>\n        <\/div>\n        <p class=\"u-align-center u-text u-text-3\">\n          <a href=\"https:\/\/lesopol.cz\/?page_id=1477\" class=\"u-active-none u-border-none u-btn u-button-link u-button-style u-hover-none u-none u-text-palette-1-base u-btn-1\">Zp\u011bt<\/a>\n        <\/p>\n      <\/div>\n    <\/section>\n    \n    \n    \n    \n    \n  \n","protected":false},"excerpt":{"rendered":"<p>Sample Title Sample Text Sample Title Sample Text Oprava cest v parku Stromovka &nbsp; Po povodn\u00edch v&nbsp;r. 2002 bylo nutno v&nbsp;parku Stromovka opravit zni\u010den\u00e9 p\u00e1te\u0159n\u00ed komunikace. Z&nbsp;posti\u017een\u00fdch lokalit bylo nejprve nutn\u00e9 odt\u011b\u017eit stovky tun bahna a&nbsp;naplavenin, odstranit zni\u010den\u00e9 stromy; vzhledem k&nbsp;nutnosti pou\u017eit\u00ed t\u011b\u017ek\u00e9 techniky byla vybr\u00e1na technologie&nbsp;GLORIT.&nbsp;Tato technologie umo\u017e\u0148uje zpracov\u00e1n\u00ed p\u016fvodn\u00edch asfaltov\u00fdch povrch\u016f na m\u00edst\u011b, &hellip; <a href=\"https:\/\/lesopol.cz\/?page_id=1469\" class=\"more-link\">Continue reading<span class=\"screen-reader-text\"> &#8222;Reference &#8211; Cesty Strom&#8220;<\/span><\/a><\/p>\n","protected":false},"author":1,"featured_media":0,"parent":0,"menu_order":2,"comment_status":"closed","ping_status":"closed","template":"","meta":{"footnotes":""},"class_list":["post-1469","page","type-page","status-publish","hentry"],"_links":{"self":[{"href":"https:\/\/lesopol.cz\/index.php?rest_route=\/wp\/v2\/pages\/1469","targetHints":{"allow":["GET"]}}],"collection":[{"href":"https:\/\/lesopol.cz\/index.php?rest_route=\/wp\/v2\/pages"}],"about":[{"href":"https:\/\/lesopol.cz\/index.php?rest_route=\/wp\/v2\/types\/page"}],"author":[{"embeddable":true,"href":"https:\/\/lesopol.cz\/index.php?rest_route=\/wp\/v2\/users\/1"}],"replies":[{"embeddable":true,"href":"https:\/\/lesopol.cz\/index.php?rest_route=%2Fwp%2Fv2%2Fcomments&post=1469"}],"version-history":[{"count":1,"href":"https:\/\/lesopol.cz\/index.php?rest_route=\/wp\/v2\/pages\/1469\/revisions"}],"predecessor-version":[{"id":1483,"href":"https:\/\/lesopol.cz\/index.php?rest_route=\/wp\/v2\/pages\/1469\/revisions\/1483"}],"wp:attachment":[{"href":"https:\/\/lesopol.cz\/index.php?rest_route=%2Fwp%2Fv2%2Fmedia&parent=1469"}],"curies":[{"name":"wp","href":"https:\/\/api.w.org\/{rel}","templated":true}]}}